{"id":5193,"date":"2024-01-08T11:18:55","date_gmt":"2024-01-08T16:18:55","guid":{"rendered":"https:\/\/2degres.com\/declaration-de-confidentialite-ca\/"},"modified":"2024-01-08T11:18:55","modified_gmt":"2024-01-08T16:18:55","slug":"declaration-de-confidentialite-ca","status":"publish","type":"page","link":"https:\/\/2degres.com\/en\/declaration-de-confidentialite-ca\/","title":{"rendered":"D\u00e9claration de confidentialit\u00e9 (CA)"},"content":{"rendered":"\n<!-- Legal document generated by Complianz | GDPR\/CCPA Cookie Consent https:\/\/wordpress.org\/plugins\/complianz-gdpr -->\n<div id=\"cmplz-document\" class=\"cmplz-document privacy-statement cmplz-document-ca\"><p><i>Cette d&eacute;claration de confidentialit&eacute; a &eacute;t&eacute; modifi&eacute;e pour la derni&egrave;re fois le 8 janvier 2024, v&eacute;rifi&eacute;e pour la derni&egrave;re fois le 8 janvier 2024, et s&rsquo;applique aux citoyens et aux r&eacute;sidents permanents l&eacute;gaux du Canada.<\/i><br><br><\/p><p>Dans cette d&eacute;claration de confidentialit&eacute;, nous expliquons ce que nous faisons avec les donn&eacute;es que nous obtenons &agrave; votre sujet via <a href=\"https:\/\/2degres.com\">https:\/\/2degres.com<\/a>. Nous vous recommandons de lire attentivement cette d&eacute;claration. Lors de notre traitement, nous nous conformons aux exigences de la l&eacute;gislation sur la confidentialit&eacute;. Cela signifie, entre autres, que&nbsp;:<\/p><ul>\n                <li>nous indiquons clairement dans quelles finalit&eacute;s nous traitons les donn&eacute;es personnelles. Nous faisons cela au moyen de cette d&eacute;claration de confidentialit&eacute;&nbsp;;<\/li>\n                <li>nous visons &agrave; limiter notre recueil de donn&eacute;es personnelles uniquement aux donn&eacute;es personnelles n&eacute;cessaires &agrave; des finalit&eacute;s l&eacute;gitimes;<\/li>\n                <li>nous demandons d&rsquo;abord votre consentement explicite pour traiter vos donn&eacute;es personnelles dans les cas n&eacute;cessitant votre consentement;<\/li>\n                <li>nous prenons des mesures de s&eacute;curit&eacute; appropri&eacute;es afin de prot&eacute;ger vos donn&eacute;es personnelles, et nous en demandons autant des parties traitant des donn&eacute;es personnelles pour nous;<\/li>\n                <li>nous respectons votre droit de consulter, corriger ou supprimer vos donn&eacute;es personnelles si vous en formulez la demande.<\/li>\n            <\/ul>Si vous avez des questions ou souhaitez savoir exactement quelles donn&eacute;es nous conservons, veuillez nous contacter.<h2>1. Finalit&eacute; et cat&eacute;gories de donn&eacute;es<\/h2><p>Nous pouvons collecter ou recevoir des informations personnelles pour un certain nombre de raisons li&eacute;es &agrave; nos activit&eacute;s commerciales, notamment les suivantes&nbsp;: (cliquez pour d&eacute;plier)<\/p><details class=\"cmplz-dropdown dropdown-privacy-statement\"><summary><div><h3>1.1 Contact - Par t&eacute;l&eacute;phone, courrier, e-mail et\/ou formulaires web<\/h3><\/div><\/summary><p class=\"cmplz-subtitle\">Les cat&eacute;gories de donn&eacute;es suivantes sont collect&eacute;es<\/p><p><\/p><ul><li>Un pr&eacute;nom et un nom de famille<\/li><li>Une adresse e-mail<\/li><li>Un num&eacute;ro de t&eacute;l&eacute;phone<\/li><li>Adresse IP<\/li><\/ul><p class=\"cmplz-subtitle\">Dur&eacute;e de conservation<\/p><p>Nous conservons ces donn&eacute;es &agrave; la fin du service pendant le nombre de mois suivant&nbsp;: 24 mois<\/p><\/details><details class=\"cmplz-dropdown dropdown-privacy-statement\"><summary><div><h3>1.2 Infolettres<\/h3><\/div><\/summary><p class=\"cmplz-subtitle\">Les cat&eacute;gories de donn&eacute;es suivantes sont collect&eacute;es<\/p><p><\/p><ul><li>Une adresse e-mail<\/li><li>Adresse IP<\/li><\/ul><p class=\"cmplz-subtitle\">Dur&eacute;e de conservation<\/p><p>Nous d&eacute;terminons la dur&eacute;e de conservation en fonction des crit&egrave;res objectifs fix&eacute;s&nbsp;: Les courriels sont stock&eacute;s dans le logiciel d'infolettre jusqu'&agrave; ce que la personne demande &agrave; se d&eacute;sabonner.<\/p><\/details><details class=\"cmplz-dropdown dropdown-privacy-statement\"><summary><div><h3>1.3 Pour prendre en charge les services ou produits que votre client souhaite acheter ou a achet&eacute;s<\/h3><\/div><\/summary><p class=\"cmplz-subtitle\">Les cat&eacute;gories de donn&eacute;es suivantes sont collect&eacute;es<\/p><p><\/p><ul><li>Un pr&eacute;nom et un nom de famille<\/li><li>Un domicile ou une autre adresse physique, incluant le nom d&rsquo;une rue et le nom d&rsquo;une ville ou d&rsquo;un village<\/li><li>Une adresse e-mail<\/li><li>Un num&eacute;ro de t&eacute;l&eacute;phone<\/li><li>Adresse IP<\/li><li>Informations sur l&rsquo;activit&eacute; internet, y compris, mais sans s&rsquo;y limiter, l&rsquo;historique de navigation, l&rsquo;historique de recherche et les informations concernant l&rsquo;interaction d&rsquo;un consommateur avec un site web, une application ou une publicit&eacute; internet<\/li><li>Donn&eacute;es de g&eacute;olocalisation<\/li><li>Date de naissance<\/li><li>Sexe<\/li><li>Photos<\/li><li>Comptes de R&eacute;seaux sociaux<\/li><li>Informations sur l&rsquo;&eacute;ducation<\/li><li>Informations professionnelles ou li&eacute;es &agrave; l&rsquo;emploi<\/li><li>Parcours professionnel<\/li><li>Informations commerciales, y compris les enregistrements de biens personnels, produits ou services achet&eacute;s, obtenus ou consid&eacute;r&eacute;s<\/li><\/ul><p class=\"cmplz-subtitle\">Dur&eacute;e de conservation<\/p><p>Nous conservons ces donn&eacute;es &agrave; la fin du service pendant le nombre de mois suivant&nbsp;: 24 mois<\/p><\/details><details class=\"cmplz-dropdown dropdown-privacy-statement\"><summary><div><h3>1.4 Compiler et analyser des statistiques pour l&rsquo;am&eacute;lioration du site web.<\/h3><\/div><\/summary><p class=\"cmplz-subtitle\">Les cat&eacute;gories de donn&eacute;es suivantes sont collect&eacute;es<\/p><p><\/p><ul><li>Adresse IP<\/li><li>Informations sur l&rsquo;activit&eacute; internet, y compris, mais sans s&rsquo;y limiter, l&rsquo;historique de navigation, l&rsquo;historique de recherche et les informations concernant l&rsquo;interaction d&rsquo;un consommateur avec un site web, une application ou une publicit&eacute; internet<\/li><\/ul><p class=\"cmplz-subtitle\">Dur&eacute;e de conservation<\/p><p>Nous conservons ces donn&eacute;es jusqu&rsquo;&agrave; la fin du service.<\/p><\/details><h2>2. Pratiques de divulgation<\/h2><p><\/p><p>Nous divulguons des informations personnelles si nous y sommes tenus par la loi ou par une ordonnance du tribunal, en r&eacute;ponse &agrave; un organisme d&rsquo;application de la loi, dans la mesure permise par d&rsquo;autres dispositions de la loi, pour fournir des informations, ou pour une enqu&ecirc;te sur une question li&eacute;e &agrave; la s&eacute;curit&eacute; publique.<\/p><p>Si notre site web ou notre organisation est repris, vendu ou impliqu&eacute; dans une fusion ou une acquisition, vos donn&eacute;es peuvent &ecirc;tre divulgu&eacute;es &agrave; nos conseillers et &agrave; tout acheteur potentiel et seront transmises aux nouveaux propri&eacute;taires.<\/p><h2>3. Comment nous r&eacute;pondons aux signaux Ne pas me pister &amp; Contr&ocirc;le global de confidentialit&eacute;<\/h2><p>Notre site web r&eacute;agit &agrave; l&rsquo;en-t&ecirc;te de requ&ecirc;te HTTP Ne pas me pister (DNT) et le prend en charge. Si vous activez DNT dans votre navigateur, ces pr&eacute;f&eacute;rences nous sont communiqu&eacute;es dans l&rsquo;en-t&ecirc;te de requ&ecirc;te HTTP, et nous ne pisterons pas votre comportement de navigation.<\/p><h2>4. Cookies<\/h2><p>Notre site web utilise des cookies. Pour plus d&rsquo;informations sur les cookies, veuillez vous r&eacute;f&eacute;rer &agrave; notre Politique de cookies sur notre page <a href=\"https:\/\/2degres.com\/en\/politique-de-cookies-ca\/\">Politique de cookies (CA)<\/a>.&nbsp;<\/p><p>Nous avons conclu un accord de traitement des donn&eacute;es avec Google.<\/p><h2>5. S&eacute;curit&eacute;<\/h2><p>Nous nous engageons &agrave; la s&eacute;curit&eacute; des donn&eacute;es personnelles. Nous prenons les mesures de s&eacute;curit&eacute; appropri&eacute;es pour limiter les abus et l&rsquo;acc&egrave;s non autoris&eacute; aux donn&eacute;es personnelles. Cela garantit que seules les personnes n&eacute;cessaires ont acc&egrave;s &agrave; vos donn&eacute;es, que l&rsquo;acc&egrave;s aux donn&eacute;es est prot&eacute;g&eacute; et que nos mesures de s&eacute;curit&eacute; sont r&eacute;guli&egrave;rement revues.<\/p><h2>6. Sites web de tierces parties<\/h2><p>Cette d&eacute;claration de confidentialit&eacute; ne s&rsquo;applique pas aux sites web de tierces parties connect&eacute;s par des liens sur notre site web. Nous ne pouvons garantir que ces tierces parties g&egrave;rent vos donn&eacute;es personnelles de mani&egrave;re fiable ou s&eacute;curis&eacute;e. Nous vous recommandons de lire les d&eacute;clarations de confidentialit&eacute; de ces sites web avant de les utiliser.<\/p><h2>7. Modifications apport&eacute;es &agrave; cette d&eacute;claration de confidentialit&eacute;<\/h2><p>Nous nous r&eacute;servons le droit de modifier la pr&eacute;sente d&eacute;claration de confidentialit&eacute;. Il est recommand&eacute; de consulter r&eacute;guli&egrave;rement cette d&eacute;claration de confidentialit&eacute; afin de prendre connaissance de toute modification &eacute;ventuelle. De plus, nous vous informerons activement dans la mesure du possible.<\/p><h2>8. Acc&eacute;der &agrave; vos donn&eacute;es et les modifier<\/h2><p>Si vous avez des questions, ou si vous voulez prendre connaissance des donn&eacute;es personnelles que nous stockons &agrave; votre propos, veuillez nous contacter. Veuillez vous assurer de toujours donner clairement votre identit&eacute;, pour que nous soyons certains de ne pas modifier ou supprimer les donn&eacute;es de la mauvaise personne. Nous ne fournirons les informations demand&eacute;es que lors de la r&eacute;ception d&rsquo;une demande d&rsquo;un consommateur v&eacute;rifiable. Vous pouvez nous contacter en utilisant les informations ci-dessous.<\/p><p class=\"cmplz-subtitle\">8.1 Vous avez les droits suivants concernant vos donn&eacute;es personnelles<\/p><ol class=\"alphabetic\">\n                        <li>Vous pouvez envoyer une demande d&rsquo;acc&egrave;s aux donn&eacute;es vous concernant que nous traitons.<\/li>\n                        <li>Vous pouvez demander une vue d&rsquo;ensemble, sous un format commun&eacute;ment utilis&eacute;, des donn&eacute;es que nous traitons &agrave; votre sujet.<\/li>\n                        <li>Vous pouvez demander la correction ou la suppression des donn&eacute;es si elles sont incorrectes ou si elles ne sont plus d&rsquo;actualit&eacute;. Lorsque cela est appropri&eacute;, les informations modifi&eacute;es seront transmises &agrave; des tierces parties ayant acc&egrave;s aux informations en question.<\/li>\n                        <li>Vous avez le droit de retirer votre consentement &agrave; tout moment, sujet &agrave; des restrictions contractuelles ou juridiques et un pr&eacute;avis raisonnable. Vous serez inform&eacute;(e) des implications d&rsquo;un tel retrait.<\/li>\n                        <li>Vous avez le droit d&rsquo;adresser &agrave; notre organisation une objection concernant tout non respect de la LPRDE et, si le probl&egrave;me n&rsquo;est pas r&eacute;solu, au Commissariat &agrave; la protection de la vie priv&eacute;e du Canada.<\/li>\n                        <li>Nous donnerons l&rsquo;acc&egrave;s aux informations personnelles sous un format alternatif &agrave; tout individu ayant un handicap sensoriel et le droit &agrave; l&rsquo;acc&egrave;s &agrave; des informations personnelles sous la LRPDE, dans le cas o&ugrave; l&rsquo;individu demande &agrave; ce qu&rsquo;elles soient transmises sous ce format alternatif si (a) une version des informations existe d&eacute;j&agrave; sous ce format&nbsp;; ou (b) leur conversion vers ce format est raisonnable et n&eacute;cessaire afin que l&rsquo;individu puisse exercer ses droits.<\/li>\n                      <\/ol><h2>9. Enfants<\/h2><p>Notre site web n&rsquo;est pas con&ccedil;u pour les enfants et il n&rsquo;est pas dans notre intention de recueillir des donn&eacute;es personnelles aupr&egrave;s d&rsquo;enfants sous l&rsquo;&acirc;ge de consentement de leur pays de r&eacute;sidence. Nous demandons par cons&eacute;quent aux enfants sous l&rsquo;&acirc;ge de consentement de ne nous envoyer aucune donn&eacute;e personnelle.<\/p><h2>10. Coordonn&eacute;es<\/h2><p>2 degr&eacute;s<br>\n        20 Bd Charest O (bureau 102),<br>\r\nQu&eacute;bec, QC G1K 1X2<br>\n        Canada<br>\n        Site web&nbsp;: <a href=\"https:\/\/2degres.com\">https:\/\/2degres.com<\/a> <br>\n        E-mail&nbsp;: <span class=\"cmplz-obfuscate\">info@<span class=\"cmplz-fmail-domain\">ex.com<\/span>2degres.com<\/span> <br>\n        <br>\n        Num&eacute;ro de t&eacute;l&eacute;phone&nbsp;: (581) 305 0889<\/p><p>Nous avons nomm&eacute; une personne &agrave; contacter &agrave; propos des politiques et pratiques de l&rsquo;organisation, et &agrave; qui toute plainte ou demande de renseignement peut &ecirc;tre transmise&nbsp;:<br>Marie-No&euml;lle Fortin<br>20 Bd Charest O (bureau 102),<br>\r\nQu&eacute;bec, QC G1K 1X2<\/p><\/div>\n","protected":false},"excerpt":{"rendered":"Cette d\u00e9claration de confidentialit\u00e9 a \u00e9t\u00e9 modifi\u00e9e pour la derni\u00e8re fois le 8 janvier 2024, v\u00e9rifi\u00e9e pour la derni\u00e8re fois le 8 janvier 2024, et s\u2019applique aux citoyens et aux r\u00e9sidents permanents l\u00e9gaux du Canada.Dans cette d\u00e9claration de confidentialit\u00e9, nous expliquons ce que nous faisons...","protected":false},"author":2,"featured_media":0,"parent":0,"menu_order":0,"comment_status":"closed","ping_status":"closed","template":"","meta":{"_acf_changed":false,"inline_featured_image":false,"footnotes":""},"class_list":["post-5193","page","type-page","status-publish","hentry"],"acf":[],"yoast_head":"<!-- This site is optimized with the Yoast SEO plugin v27.4 - https:\/\/yoast.com\/product\/yoast-seo-wordpress\/ -->\n<title>D\u00e9claration de confidentialit\u00e9 (CA) - 2 Degr\u00e9s<\/title>\n<meta name=\"robots\" content=\"index, follow, max-snippet:-1, max-image-preview:large, max-video-preview:-1\" \/>\n<link rel=\"canonical\" href=\"https:\/\/2degres.com\/declaration-de-confidentialite-ca\/\" \/>\n<meta property=\"og:locale\" content=\"fr_FR\" \/>\n<meta property=\"og:type\" content=\"article\" \/>\n<meta property=\"og:title\" content=\"D\u00e9claration de confidentialit\u00e9 (CA) - 2 Degr\u00e9s\" \/>\n<meta property=\"og:url\" content=\"https:\/\/2degres.com\/declaration-de-confidentialite-ca\/\" \/>\n<meta property=\"og:site_name\" content=\"2 Degr\u00e9s\" \/>\n<meta property=\"og:image\" content=\"https:\/\/2degres.com\/wp-content\/uploads\/2020\/05\/2degres-partage-02.png\" \/>\n\t<meta property=\"og:image:width\" content=\"1200\" \/>\n\t<meta property=\"og:image:height\" content=\"630\" \/>\n\t<meta property=\"og:image:type\" content=\"image\/png\" \/>\n<meta name=\"twitter:card\" content=\"summary_large_image\" \/>\n<script type=\"application\/ld+json\" class=\"yoast-schema-graph\">{\"@context\":\"https:\\\/\\\/schema.org\",\"@graph\":[{\"@type\":\"WebPage\",\"@id\":\"https:\\\/\\\/2degres.com\\\/declaration-de-confidentialite-ca\\\/\",\"url\":\"https:\\\/\\\/2degres.com\\\/declaration-de-confidentialite-ca\\\/\",\"name\":\"D\u00e9claration de confidentialit\u00e9 (CA) - 2 Degr\u00e9s\",\"isPartOf\":{\"@id\":\"https:\\\/\\\/2degres.com\\\/#website\"},\"datePublished\":\"2024-01-08T16:18:55+00:00\",\"breadcrumb\":{\"@id\":\"https:\\\/\\\/2degres.com\\\/declaration-de-confidentialite-ca\\\/#breadcrumb\"},\"inLanguage\":\"fr-FR\",\"potentialAction\":[{\"@type\":\"ReadAction\",\"target\":[\"https:\\\/\\\/2degres.com\\\/declaration-de-confidentialite-ca\\\/\"]}]},{\"@type\":\"BreadcrumbList\",\"@id\":\"https:\\\/\\\/2degres.com\\\/declaration-de-confidentialite-ca\\\/#breadcrumb\",\"itemListElement\":[{\"@type\":\"ListItem\",\"position\":1,\"name\":\"Accueil\",\"item\":\"https:\\\/\\\/2degres.com\\\/\"},{\"@type\":\"ListItem\",\"position\":2,\"name\":\"D\u00e9claration de confidentialit\u00e9 (CA)\"}]},{\"@type\":\"WebSite\",\"@id\":\"https:\\\/\\\/2degres.com\\\/#website\",\"url\":\"https:\\\/\\\/2degres.com\\\/\",\"name\":\"2 Degr\u00e9s\",\"description\":\"Incubateur en technologies propres\",\"potentialAction\":[{\"@type\":\"SearchAction\",\"target\":{\"@type\":\"EntryPoint\",\"urlTemplate\":\"https:\\\/\\\/2degres.com\\\/?s={search_term_string}\"},\"query-input\":{\"@type\":\"PropertyValueSpecification\",\"valueRequired\":true,\"valueName\":\"search_term_string\"}}],\"inLanguage\":\"fr-FR\"}]}<\/script>\n<!-- \/ Yoast SEO plugin. -->","yoast_head_json":{"title":"D\u00e9claration de confidentialit\u00e9 (CA) - 2 Degr\u00e9s","robots":{"index":"index","follow":"follow","max-snippet":"max-snippet:-1","max-image-preview":"max-image-preview:large","max-video-preview":"max-video-preview:-1"},"canonical":"https:\/\/2degres.com\/declaration-de-confidentialite-ca\/","og_locale":"fr_FR","og_type":"article","og_title":"D\u00e9claration de confidentialit\u00e9 (CA) - 2 Degr\u00e9s","og_url":"https:\/\/2degres.com\/declaration-de-confidentialite-ca\/","og_site_name":"2 Degr\u00e9s","og_image":[{"width":1200,"height":630,"url":"https:\/\/2degres.com\/wp-content\/uploads\/2020\/05\/2degres-partage-02.png","type":"image\/png"}],"twitter_card":"summary_large_image","schema":{"@context":"https:\/\/schema.org","@graph":[{"@type":"WebPage","@id":"https:\/\/2degres.com\/declaration-de-confidentialite-ca\/","url":"https:\/\/2degres.com\/declaration-de-confidentialite-ca\/","name":"D\u00e9claration de confidentialit\u00e9 (CA) - 2 Degr\u00e9s","isPartOf":{"@id":"https:\/\/2degres.com\/#website"},"datePublished":"2024-01-08T16:18:55+00:00","breadcrumb":{"@id":"https:\/\/2degres.com\/declaration-de-confidentialite-ca\/#breadcrumb"},"inLanguage":"fr-FR","potentialAction":[{"@type":"ReadAction","target":["https:\/\/2degres.com\/declaration-de-confidentialite-ca\/"]}]},{"@type":"BreadcrumbList","@id":"https:\/\/2degres.com\/declaration-de-confidentialite-ca\/#breadcrumb","itemListElement":[{"@type":"ListItem","position":1,"name":"Accueil","item":"https:\/\/2degres.com\/"},{"@type":"ListItem","position":2,"name":"D\u00e9claration de confidentialit\u00e9 (CA)"}]},{"@type":"WebSite","@id":"https:\/\/2degres.com\/#website","url":"https:\/\/2degres.com\/","name":"2 Degr\u00e9s","description":"Incubateur en technologies propres","potentialAction":[{"@type":"SearchAction","target":{"@type":"EntryPoint","urlTemplate":"https:\/\/2degres.com\/?s={search_term_string}"},"query-input":{"@type":"PropertyValueSpecification","valueRequired":true,"valueName":"search_term_string"}}],"inLanguage":"fr-FR"}]}},"_links":{"self":[{"href":"https:\/\/2degres.com\/en\/wp-json\/wp\/v2\/pages\/5193","targetHints":{"allow":["GET"]}}],"collection":[{"href":"https:\/\/2degres.com\/en\/wp-json\/wp\/v2\/pages"}],"about":[{"href":"https:\/\/2degres.com\/en\/wp-json\/wp\/v2\/types\/page"}],"author":[{"embeddable":true,"href":"https:\/\/2degres.com\/en\/wp-json\/wp\/v2\/users\/2"}],"replies":[{"embeddable":true,"href":"https:\/\/2degres.com\/en\/wp-json\/wp\/v2\/comments?post=5193"}],"version-history":[{"count":0,"href":"https:\/\/2degres.com\/en\/wp-json\/wp\/v2\/pages\/5193\/revisions"}],"wp:attachment":[{"href":"https:\/\/2degres.com\/en\/wp-json\/wp\/v2\/media?parent=5193"}],"curies":[{"name":"wp","href":"https:\/\/api.w.org\/{rel}","templated":true}]}}