{"id":5654,"date":"2024-07-05T12:51:09","date_gmt":"2024-07-05T16:51:09","guid":{"rendered":"https:\/\/2degres.com\/?page_id=5654"},"modified":"2025-04-29T07:45:15","modified_gmt":"2025-04-29T11:45:15","slug":"carrefour-de-leau","status":"publish","type":"page","link":"https:\/\/2degres.com\/en\/carrefour-de-leau\/","title":{"rendered":"Carrefour de l&rsquo;eau"},"content":{"rendered":"<p>[vc_row css_animation=&nbsp;&raquo;&nbsp;&raquo; row_type=&nbsp;&raquo;row&nbsp;&raquo; use_row_as_full_screen_section=&nbsp;&raquo;no&nbsp;&raquo; type=&nbsp;&raquo;full_width&nbsp;&raquo; angled_section=&nbsp;&raquo;no&nbsp;&raquo; text_align=&nbsp;&raquo;left&nbsp;&raquo; background_image_as_pattern=&nbsp;&raquo;without_pattern&nbsp;&raquo;][vc_column][vc_single_image image=&nbsp;&raquo;5710&Prime; img_size=&nbsp;&raquo;large&nbsp;&raquo; alignment=&nbsp;&raquo;center&nbsp;&raquo; qode_css_animation=&nbsp;&raquo;&nbsp;&raquo; qode_hover_animation=&nbsp;&raquo;zoom_in&nbsp;&raquo;][qode_elements_holder number_of_columns=&nbsp;&raquo;two_columns&nbsp;&raquo;][qode_elements_holder_item vertical_alignment=&nbsp;&raquo;top&nbsp;&raquo; advanced_animations=&nbsp;&raquo;no&nbsp;&raquo; item_padding=&nbsp;&raquo;0px 50px 50px 50px&nbsp;&raquo;][vc_column_text]<\/p>\n<h2><span style=\"color: #003f4d;\">MISSION<\/span><\/h2>\n<p>&nbsp;<\/p>\n<p><span style=\"font-weight: 300;\">R&eacute;unir dans un m&ecirc;me centre, des expertises et des ressources qui permettront de <\/span><span style=\"font-weight: 400;\">d&eacute;velopper de nouvelles technologies<\/span><span style=\"font-weight: 300;\"> dans le secteur de l&rsquo;eau, de <\/span><span style=\"font-weight: 400;\">former les chercheurs, de g&eacute;n&eacute;rer de la propri&eacute;t&eacute; intellectuelle et de d&eacute;marrer des entreprises innovantes<\/span><span style=\"font-weight: 300;\"> qui pourront mettre sur le march&eacute; mondial leurs cr&eacute;ations via une cha&icirc;ne d&rsquo;innovation et disposer de locaux &agrave; louer pour les entreprises du secteur.&nbsp;<\/span>[\/vc_column_text][\/qode_elements_holder_item][qode_elements_holder_item vertical_alignment=&nbsp;&raquo;top&nbsp;&raquo; advanced_animations=&nbsp;&raquo;no&nbsp;&raquo; item_padding=&nbsp;&raquo;0px 50px 50px 50px&nbsp;&raquo;][vc_column_text]<\/p>\n<h2 class=\"gris\"><span style=\"color: #b4dde0;\">VISION<\/span><\/h2>\n<p>&nbsp;<\/p>\n<p><span style=\"font-weight: 300;\">Le Carrefour de l&rsquo;eau est un projet qui vise &agrave; faire de Qu&eacute;bec,<\/span><span style=\"font-weight: 400;\"> un chef de file mondial dans le domaine du d&eacute;veloppement durable<\/span><span style=\"font-weight: 300;\">, particuli&egrave;rement dans le secteur des <\/span><span style=\"font-weight: 400;\">technologies li&eacute;es &agrave; l&rsquo;eau,<\/span><span style=\"font-weight: 300;\"> que ce soit le recyclage, le traitement ou l&rsquo;assainissement.&nbsp;&nbsp;<\/span>[\/vc_column_text][vc_empty_space height=&nbsp;&raquo;105px&nbsp;&raquo;][\/qode_elements_holder_item][\/qode_elements_holder][\/vc_column][\/vc_row][vc_row css_animation=&nbsp;&raquo;&nbsp;&raquo; row_type=&nbsp;&raquo;row&nbsp;&raquo; use_row_as_full_screen_section=&nbsp;&raquo;no&nbsp;&raquo; type=&nbsp;&raquo;full_width&nbsp;&raquo; angled_section=&nbsp;&raquo;no&nbsp;&raquo; text_align=&nbsp;&raquo;left&nbsp;&raquo; background_image_as_pattern=&nbsp;&raquo;without_pattern&nbsp;&raquo;][vc_column][qode_elements_holder number_of_columns=&nbsp;&raquo;two_columns&nbsp;&raquo;][qode_elements_holder_item advanced_animations=&nbsp;&raquo;no&nbsp;&raquo;][vc_column_text]<\/p>\n<h3><span style=\"color: #003f4d;\">LE PROJET<\/span><\/h3>\n<p>[\/vc_column_text][vc_empty_space][vc_single_image image=&nbsp;&raquo;5674&Prime; img_size=&nbsp;&raquo;full&nbsp;&raquo; alignment=&nbsp;&raquo;center&nbsp;&raquo; qode_css_animation=&nbsp;&raquo;&nbsp;&raquo;][vc_empty_space][\/qode_elements_holder_item][\/qode_elements_holder][vc_empty_space height=&nbsp;&raquo;50px&nbsp;&raquo;][\/vc_column][\/vc_row][vc_row css_animation=&nbsp;&raquo;&nbsp;&raquo; row_type=&nbsp;&raquo;row&nbsp;&raquo; use_row_as_full_screen_section=&nbsp;&raquo;no&nbsp;&raquo; type=&nbsp;&raquo;full_width&nbsp;&raquo; angled_section=&nbsp;&raquo;no&nbsp;&raquo; text_align=&nbsp;&raquo;left&nbsp;&raquo; background_image_as_pattern=&nbsp;&raquo;without_pattern&nbsp;&raquo;][vc_column][qode_elements_holder number_of_columns=&nbsp;&raquo;two_columns&nbsp;&raquo;][qode_elements_holder_item advanced_animations=&nbsp;&raquo;no&nbsp;&raquo;][vc_column_text]<\/p>\n<h3><span style=\"color: #003f4d;\">LES &Eacute;TAPES DU PROJET<\/span><\/h3>\n<p>[\/vc_column_text][vc_empty_space][vc_column_text]Le Carrefour de l&rsquo;eau sera le premier &agrave; r&eacute;unir la recherche, l&rsquo;entrepreneuriat scientifique, un banc d&rsquo;essai technologique, un centre d&rsquo;interpr&eacute;tation et de sensibilisation et une usine pilote de recyclage des eaux, afin de mettre l&rsquo;expertise qu&eacute;b&eacute;coise et les nouvelles avanc&eacute;es technologiques au service de l&rsquo;utilisation responsable et de la protection de l&rsquo;eau.[\/vc_column_text][vc_empty_space][vc_column_text]2023 &ndash; &Eacute;tude de march&eacute;[\/vc_column_text][vc_column_text]2024 &ndash; Mise en place de projets pilotes pour chacun des volets + recherche de financement[\/vc_column_text][vc_column_text]2025 \/ 2027 &ndash; D&eacute;ploiement du projet pilote du Carrefour de l&rsquo;eau[\/vc_column_text][vc_column_text]2027 \/ 2028 &ndash; D&eacute;ploiement du projet &agrave; taille r&eacute;elle[\/vc_column_text][\/qode_elements_holder_item][\/qode_elements_holder][vc_empty_space height=&nbsp;&raquo;50px&nbsp;&raquo;][\/vc_column][\/vc_row][vc_row css_animation=&nbsp;&raquo;&nbsp;&raquo; row_type=&nbsp;&raquo;row&nbsp;&raquo; use_row_as_full_screen_section=&nbsp;&raquo;no&nbsp;&raquo; type=&nbsp;&raquo;full_width&nbsp;&raquo; angled_section=&nbsp;&raquo;no&nbsp;&raquo; text_align=&nbsp;&raquo;left&nbsp;&raquo; background_image_as_pattern=&nbsp;&raquo;without_pattern&nbsp;&raquo;][vc_column][vc_column_text]<\/p>\n<h3><span style=\"color: #003f4d;\">LES PARTENAIRES<\/span><\/h3>\n<p>[\/vc_column_text][vc_empty_space][vc_column_text]Le Carrefour de l&rsquo;eau est un projet structurant issu d&rsquo;une &eacute;troite collaboration entre plusieurs partenaires qui rassemble, sous un m&ecirc;me toit, l&rsquo;ensemble des expertises et des ressources pour le d&eacute;veloppement de nouvelles technologies dans le secteur de l&rsquo;eau, la formation de chercheur.e.s et le d&eacute;marrage d&rsquo;entreprises qui pourront commercialiser leurs innovations &agrave; travers le monde.[\/vc_column_text][vc_empty_space height=&nbsp;&raquo;50px&nbsp;&raquo;][vc_column_text]<\/p>\n<h3>Le Carrefour de l&rsquo;eau est rendu possible gr&acirc;ce &agrave; l&rsquo;engagement de ses partenaires fondateurs.<\/h3>\n<p>[\/vc_column_text][vc_empty_space height=&nbsp;&raquo;50px&nbsp;&raquo;][vc_row_inner row_type=&nbsp;&raquo;row&nbsp;&raquo; type=&nbsp;&raquo;full_width&nbsp;&raquo; text_align=&nbsp;&raquo;left&nbsp;&raquo; css_animation=&nbsp;&raquo;&nbsp;&raquo;][vc_column_inner width=&nbsp;&raquo;1\/6&Prime;][vc_single_image image=&nbsp;&raquo;5657&Prime; img_size=&nbsp;&raquo;full&nbsp;&raquo; onclick=&nbsp;&raquo;custom_link&nbsp;&raquo; img_link_target=&nbsp;&raquo;_blank&nbsp;&raquo; qode_css_animation=&nbsp;&raquo;&nbsp;&raquo; link=&nbsp;&raquo;https:\/\/www.h2oinnovation.com\/fr\/&nbsp;&raquo;][\/vc_column_inner][vc_column_inner width=&nbsp;&raquo;1\/6&Prime;][vc_single_image image=&nbsp;&raquo;5660&Prime; img_size=&nbsp;&raquo;full&nbsp;&raquo; onclick=&nbsp;&raquo;custom_link&nbsp;&raquo; img_link_target=&nbsp;&raquo;_blank&nbsp;&raquo; qode_css_animation=&nbsp;&raquo;&nbsp;&raquo; link=&nbsp;&raquo;https:\/\/www.ville.quebec.qc.ca\/?gad_source=1&amp;gclid=Cj0KCQjws560BhCuARIsAHMqE0E4FK5n_y5lzijJmoiTuhtRU9_xRqmi4m82YvcFifWvusKEivsp0_waAvWcEALw_wcB&nbsp;&raquo;][\/vc_column_inner][vc_column_inner width=&nbsp;&raquo;1\/6&Prime;][vc_single_image image=&nbsp;&raquo;5662&Prime; img_size=&nbsp;&raquo;full&nbsp;&raquo; onclick=&nbsp;&raquo;custom_link&nbsp;&raquo; img_link_target=&nbsp;&raquo;_blank&nbsp;&raquo; qode_css_animation=&nbsp;&raquo;&nbsp;&raquo; link=&nbsp;&raquo;https:\/\/www.portquebec.ca\/&nbsp;&raquo;][\/vc_column_inner][vc_column_inner width=&nbsp;&raquo;1\/6&Prime;][vc_single_image image=&nbsp;&raquo;7029&Prime; img_size=&nbsp;&raquo;full&nbsp;&raquo; onclick=&nbsp;&raquo;custom_link&nbsp;&raquo; img_link_target=&nbsp;&raquo;_blank&nbsp;&raquo; qode_css_animation=&nbsp;&raquo;&nbsp;&raquo; link=&nbsp;&raquo;http:\/\/2degres.com&nbsp;&raquo;][\/vc_column_inner][vc_column_inner width=&nbsp;&raquo;1\/6&Prime;][vc_single_image image=&nbsp;&raquo;5666&Prime; img_size=&nbsp;&raquo;full&nbsp;&raquo; onclick=&nbsp;&raquo;custom_link&nbsp;&raquo; img_link_target=&nbsp;&raquo;_blank&nbsp;&raquo; qode_css_animation=&nbsp;&raquo;&nbsp;&raquo; link=&nbsp;&raquo;https:\/\/www.patriarche.fr\/&nbsp;&raquo;][\/vc_column_inner][vc_column_inner width=&nbsp;&raquo;1\/6&Prime;][vc_single_image image=&nbsp;&raquo;5668&Prime; img_size=&nbsp;&raquo;full&nbsp;&raquo; onclick=&nbsp;&raquo;custom_link&nbsp;&raquo; img_link_target=&nbsp;&raquo;_blank&nbsp;&raquo; qode_css_animation=&nbsp;&raquo;&nbsp;&raquo; link=&nbsp;&raquo;https:\/\/inrs.ca\/&nbsp;&raquo;][\/vc_column_inner][\/vc_row_inner][vc_empty_space height=&nbsp;&raquo;80px&nbsp;&raquo;]<a itemprop=\"url\" href=\"https:\/\/carrefourdeleau.com\/\" target=\"_self\" class=\"qbutton  medium center default\" style=\"\">En savoir plus<\/a>[vc_empty_space height=&nbsp;&raquo;80px&nbsp;&raquo;][\/vc_column][\/vc_row]<\/p>\n","protected":false},"excerpt":{"rendered":"<p>[vc_row css_animation=\u00a0\u00bb\u00a0\u00bb row_type=\u00a0\u00bbrow\u00a0\u00bb use_row_as_full_screen_section=\u00a0\u00bbno\u00a0\u00bb type=\u00a0\u00bbfull_width\u00a0\u00bb angled_section=\u00a0\u00bbno\u00a0\u00bb text_align=\u00a0\u00bbleft\u00a0\u00bb background_image_as_pattern=\u00a0\u00bbwithout_pattern\u00a0\u00bb][vc_column][vc_single_image image=\u00a0\u00bb5710&Prime; img_size=\u00a0\u00bblarge\u00a0\u00bb alignment=\u00a0\u00bbcenter\u00a0\u00bb qode_css_animation=\u00a0\u00bb\u00a0\u00bb qode_hover_animation=\u00a0\u00bbzoom_in\u00a0\u00bb][qode_elements_holder number_of_columns=\u00a0\u00bbtwo_columns\u00a0\u00bb][qode_elements_holder_item vertical_alignment=\u00a0\u00bbtop\u00a0\u00bb advanced_animations=\u00a0\u00bbno\u00a0\u00bb item_padding=\u00a0\u00bb0px 50px 50px 50px\u00a0\u00bb][vc_column_text] MISSION &nbsp; R\u00e9unir dans un m\u00eame centre, des expertises et des ressources qui permettront de d\u00e9velopper de nouvelles technologies dans le secteur de l\u2019eau, de&#8230;<\/p>\n","protected":false},"author":4,"featured_media":0,"parent":0,"menu_order":0,"comment_status":"closed","ping_status":"closed","template":"","meta":{"_acf_changed":false,"inline_featured_image":false,"footnotes":""},"class_list":["post-5654","page","type-page","status-publish","hentry"],"acf":[],"yoast_head":"<!-- This site is optimized with the Yoast SEO plugin v27.4 - https:\/\/yoast.com\/product\/yoast-seo-wordpress\/ -->\n<title>Carrefour de l&#039;eau - 2 Degr\u00e9s<\/title>\n<meta name=\"robots\" content=\"index, follow, max-snippet:-1, max-image-preview:large, max-video-preview:-1\" \/>\n<link rel=\"canonical\" href=\"https:\/\/2degres.com\/carrefour-de-leau\/\" \/>\n<meta property=\"og:locale\" content=\"fr_FR\" \/>\n<meta property=\"og:type\" content=\"article\" \/>\n<meta property=\"og:title\" content=\"Carrefour de l&#039;eau - 2 Degr\u00e9s\" \/>\n<meta property=\"og:description\" content=\"[vc_row css_animation=\u00a0\u00bb\u00a0\u00bb row_type=\u00a0\u00bbrow\u00a0\u00bb use_row_as_full_screen_section=\u00a0\u00bbno\u00a0\u00bb type=\u00a0\u00bbfull_width\u00a0\u00bb angled_section=\u00a0\u00bbno\u00a0\u00bb text_align=\u00a0\u00bbleft\u00a0\u00bb background_image_as_pattern=\u00a0\u00bbwithout_pattern\u00a0\u00bb][vc_column][vc_single_image image=\u00a0\u00bb5710&Prime; img_size=\u00a0\u00bblarge\u00a0\u00bb alignment=\u00a0\u00bbcenter\u00a0\u00bb qode_css_animation=\u00a0\u00bb\u00a0\u00bb qode_hover_animation=\u00a0\u00bbzoom_in\u00a0\u00bb][qode_elements_holder number_of_columns=\u00a0\u00bbtwo_columns\u00a0\u00bb][qode_elements_holder_item vertical_alignment=\u00a0\u00bbtop\u00a0\u00bb advanced_animations=\u00a0\u00bbno\u00a0\u00bb item_padding=\u00a0\u00bb0px 50px 50px 50px\u00a0\u00bb][vc_column_text] MISSION &nbsp; R\u00e9unir dans un m\u00eame centre, des expertises et des ressources qui permettront de d\u00e9velopper de nouvelles technologies dans le secteur de l\u2019eau, de...\" \/>\n<meta property=\"og:url\" content=\"https:\/\/2degres.com\/carrefour-de-leau\/\" \/>\n<meta property=\"og:site_name\" content=\"2 Degr\u00e9s\" \/>\n<meta property=\"article:modified_time\" content=\"2025-04-29T11:45:15+00:00\" \/>\n<meta property=\"og:image\" content=\"https:\/\/2degres.com\/wp-content\/uploads\/2020\/05\/2degres-partage-02.png\" \/>\n\t<meta property=\"og:image:width\" content=\"1200\" \/>\n\t<meta property=\"og:image:height\" content=\"630\" \/>\n\t<meta property=\"og:image:type\" content=\"image\/png\" \/>\n<meta name=\"twitter:card\" content=\"summary_large_image\" \/>\n<meta name=\"twitter:label1\" content=\"Dur\u00e9e de lecture estim\u00e9e\" \/>\n\t<meta name=\"twitter:data1\" content=\"4 minutes\" \/>\n<script type=\"application\/ld+json\" class=\"yoast-schema-graph\">{\"@context\":\"https:\\\/\\\/schema.org\",\"@graph\":[{\"@type\":\"WebPage\",\"@id\":\"https:\\\/\\\/2degres.com\\\/carrefour-de-leau\\\/\",\"url\":\"https:\\\/\\\/2degres.com\\\/carrefour-de-leau\\\/\",\"name\":\"Carrefour de l'eau - 2 Degr\u00e9s\",\"isPartOf\":{\"@id\":\"https:\\\/\\\/2degres.com\\\/#website\"},\"datePublished\":\"2024-07-05T16:51:09+00:00\",\"dateModified\":\"2025-04-29T11:45:15+00:00\",\"breadcrumb\":{\"@id\":\"https:\\\/\\\/2degres.com\\\/carrefour-de-leau\\\/#breadcrumb\"},\"inLanguage\":\"fr-FR\",\"potentialAction\":[{\"@type\":\"ReadAction\",\"target\":[\"https:\\\/\\\/2degres.com\\\/carrefour-de-leau\\\/\"]}]},{\"@type\":\"BreadcrumbList\",\"@id\":\"https:\\\/\\\/2degres.com\\\/carrefour-de-leau\\\/#breadcrumb\",\"itemListElement\":[{\"@type\":\"ListItem\",\"position\":1,\"name\":\"Accueil\",\"item\":\"https:\\\/\\\/2degres.com\\\/\"},{\"@type\":\"ListItem\",\"position\":2,\"name\":\"Carrefour de l&rsquo;eau\"}]},{\"@type\":\"WebSite\",\"@id\":\"https:\\\/\\\/2degres.com\\\/#website\",\"url\":\"https:\\\/\\\/2degres.com\\\/\",\"name\":\"2 Degr\u00e9s\",\"description\":\"Incubateur en technologies propres\",\"potentialAction\":[{\"@type\":\"SearchAction\",\"target\":{\"@type\":\"EntryPoint\",\"urlTemplate\":\"https:\\\/\\\/2degres.com\\\/?s={search_term_string}\"},\"query-input\":{\"@type\":\"PropertyValueSpecification\",\"valueRequired\":true,\"valueName\":\"search_term_string\"}}],\"inLanguage\":\"fr-FR\"}]}<\/script>\n<!-- \/ Yoast SEO plugin. -->","yoast_head_json":{"title":"Carrefour de l'eau - 2 Degr\u00e9s","robots":{"index":"index","follow":"follow","max-snippet":"max-snippet:-1","max-image-preview":"max-image-preview:large","max-video-preview":"max-video-preview:-1"},"canonical":"https:\/\/2degres.com\/carrefour-de-leau\/","og_locale":"fr_FR","og_type":"article","og_title":"Carrefour de l'eau - 2 Degr\u00e9s","og_description":"[vc_row css_animation=\u00a0\u00bb\u00a0\u00bb row_type=\u00a0\u00bbrow\u00a0\u00bb use_row_as_full_screen_section=\u00a0\u00bbno\u00a0\u00bb type=\u00a0\u00bbfull_width\u00a0\u00bb angled_section=\u00a0\u00bbno\u00a0\u00bb text_align=\u00a0\u00bbleft\u00a0\u00bb background_image_as_pattern=\u00a0\u00bbwithout_pattern\u00a0\u00bb][vc_column][vc_single_image image=\u00a0\u00bb5710&Prime; img_size=\u00a0\u00bblarge\u00a0\u00bb alignment=\u00a0\u00bbcenter\u00a0\u00bb qode_css_animation=\u00a0\u00bb\u00a0\u00bb qode_hover_animation=\u00a0\u00bbzoom_in\u00a0\u00bb][qode_elements_holder number_of_columns=\u00a0\u00bbtwo_columns\u00a0\u00bb][qode_elements_holder_item vertical_alignment=\u00a0\u00bbtop\u00a0\u00bb advanced_animations=\u00a0\u00bbno\u00a0\u00bb item_padding=\u00a0\u00bb0px 50px 50px 50px\u00a0\u00bb][vc_column_text] MISSION &nbsp; R\u00e9unir dans un m\u00eame centre, des expertises et des ressources qui permettront de d\u00e9velopper de nouvelles technologies dans le secteur de l\u2019eau, de...","og_url":"https:\/\/2degres.com\/carrefour-de-leau\/","og_site_name":"2 Degr\u00e9s","article_modified_time":"2025-04-29T11:45:15+00:00","og_image":[{"width":1200,"height":630,"url":"https:\/\/2degres.com\/wp-content\/uploads\/2020\/05\/2degres-partage-02.png","type":"image\/png"}],"twitter_card":"summary_large_image","twitter_misc":{"Dur\u00e9e de lecture estim\u00e9e":"4 minutes"},"schema":{"@context":"https:\/\/schema.org","@graph":[{"@type":"WebPage","@id":"https:\/\/2degres.com\/carrefour-de-leau\/","url":"https:\/\/2degres.com\/carrefour-de-leau\/","name":"Carrefour de l'eau - 2 Degr\u00e9s","isPartOf":{"@id":"https:\/\/2degres.com\/#website"},"datePublished":"2024-07-05T16:51:09+00:00","dateModified":"2025-04-29T11:45:15+00:00","breadcrumb":{"@id":"https:\/\/2degres.com\/carrefour-de-leau\/#breadcrumb"},"inLanguage":"fr-FR","potentialAction":[{"@type":"ReadAction","target":["https:\/\/2degres.com\/carrefour-de-leau\/"]}]},{"@type":"BreadcrumbList","@id":"https:\/\/2degres.com\/carrefour-de-leau\/#breadcrumb","itemListElement":[{"@type":"ListItem","position":1,"name":"Accueil","item":"https:\/\/2degres.com\/"},{"@type":"ListItem","position":2,"name":"Carrefour de l&rsquo;eau"}]},{"@type":"WebSite","@id":"https:\/\/2degres.com\/#website","url":"https:\/\/2degres.com\/","name":"2 Degr\u00e9s","description":"Incubateur en technologies propres","potentialAction":[{"@type":"SearchAction","target":{"@type":"EntryPoint","urlTemplate":"https:\/\/2degres.com\/?s={search_term_string}"},"query-input":{"@type":"PropertyValueSpecification","valueRequired":true,"valueName":"search_term_string"}}],"inLanguage":"fr-FR"}]}},"_links":{"self":[{"href":"https:\/\/2degres.com\/en\/wp-json\/wp\/v2\/pages\/5654","targetHints":{"allow":["GET"]}}],"collection":[{"href":"https:\/\/2degres.com\/en\/wp-json\/wp\/v2\/pages"}],"about":[{"href":"https:\/\/2degres.com\/en\/wp-json\/wp\/v2\/types\/page"}],"author":[{"embeddable":true,"href":"https:\/\/2degres.com\/en\/wp-json\/wp\/v2\/users\/4"}],"replies":[{"embeddable":true,"href":"https:\/\/2degres.com\/en\/wp-json\/wp\/v2\/comments?post=5654"}],"version-history":[{"count":74,"href":"https:\/\/2degres.com\/en\/wp-json\/wp\/v2\/pages\/5654\/revisions"}],"predecessor-version":[{"id":7035,"href":"https:\/\/2degres.com\/en\/wp-json\/wp\/v2\/pages\/5654\/revisions\/7035"}],"wp:attachment":[{"href":"https:\/\/2degres.com\/en\/wp-json\/wp\/v2\/media?parent=5654"}],"curies":[{"name":"wp","href":"https:\/\/api.w.org\/{rel}","templated":true}]}}